{"id":6745,"date":"2023-05-13T08:32:44","date_gmt":"2023-05-13T13:32:44","guid":{"rendered":"http:\/\/arsenalletigre.com\/?post_type=product&#038;p=6745"},"modified":"2024-12-16T15:10:06","modified_gmt":"2024-12-16T20:10:06","slug":"casquette-le-centre-routier-inc-international-rdl-que","status":"publish","type":"product","link":"https:\/\/arsenalletigre.com\/en\/product\/casquette-le-centre-routier-inc-international-rdl-que\/","title":{"rendered":"Le centre Routier inc. International RDL, Que. Cap"},"content":{"rendered":"<p>[et_pb_section fb_built=\u00a0\u00bb1&Prime; _builder_version=\u00a0\u00bb4.16&Prime; custom_padding=\u00a0\u00bb0px||0px||false|false\u00a0\u00bb locked=\u00a0\u00bboff\u00a0\u00bb global_colors_info=\u00a0\u00bb{}\u00a0\u00bb][et_pb_row _builder_version=\u00a0\u00bb4.16&Prime; background_size=\u00a0\u00bbinitial\u00a0\u00bb background_position=\u00a0\u00bbtop_left\u00a0\u00bb background_repeat=\u00a0\u00bbrepeat\u00a0\u00bb width=\u00a0\u00bb100%\u00a0\u00bb custom_padding=\u00a0\u00bb0px||0px||false|false\u00a0\u00bb global_colors_info=\u00a0\u00bb{}\u00a0\u00bb][et_pb_column type=\u00a0\u00bb4_4&Prime; _builder_version=\u00a0\u00bb4.16&Prime; custom_padding=\u00a0\u00bb|||\u00a0\u00bb global_colors_info=\u00a0\u00bb{}\u00a0\u00bb custom_padding__hover=\u00a0\u00bb|||\u00a0\u00bb][et_pb_wc_cart_notice _builder_version=\u00a0\u00bb4.27.0&Prime; title_font=\u00a0\u00bb||||||||\u00a0\u00bb title_text_color=\u00a0\u00bb#000000&Prime; title_font_size=\u00a0\u00bb15px\u00a0\u00bb title_line_height=\u00a0\u00bb1.1em\u00a0\u00bb error_font=\u00a0\u00bb||||||||\u00a0\u00bb error_font_size=\u00a0\u00bb16px\u00a0\u00bb content_font=\u00a0\u00bb||||||||\u00a0\u00bb content_text_align=\u00a0\u00bbleft\u00a0\u00bb content_font_size=\u00a0\u00bb16px\u00a0\u00bb custom_button=\u00a0\u00bbon\u00a0\u00bb button_text_size=\u00a0\u00bb15px\u00a0\u00bb button_font=\u00a0\u00bb||||||||\u00a0\u00bb button_use_icon=\u00a0\u00bboff\u00a0\u00bb button_custom_padding=\u00a0\u00bb4px|10px|4px|10px|true|true\u00a0\u00bb custom_margin=\u00a0\u00bb0em|0em|1em|0em|false|false\u00a0\u00bb custom_padding=\u00a0\u00bb8px|8px|8px|8px|true|true\u00a0\u00bb title_font_size_tablet=\u00a0\u00bb13px\u00a0\u00bb title_font_size_phone=\u00a0\u00bb12px\u00a0\u00bb title_font_size_last_edited=\u00a0\u00bbon|phone\u00a0\u00bb border_radii=\u00a0\u00bbon|4px|4px|4px|4px\u00a0\u00bb global_colors_info=\u00a0\u00bb{}\u00a0\u00bb][\/et_pb_wc_cart_notice][\/et_pb_column][\/et_pb_row][et_pb_row _builder_version=\u00a0\u00bb4.16&Prime; background_size=\u00a0\u00bbinitial\u00a0\u00bb background_position=\u00a0\u00bbtop_left\u00a0\u00bb background_repeat=\u00a0\u00bbrepeat\u00a0\u00bb width=\u00a0\u00bb100%\u00a0\u00bb custom_padding=\u00a0\u00bb0px||0px||false|false\u00a0\u00bb global_colors_info=\u00a0\u00bb{}\u00a0\u00bb][et_pb_column type=\u00a0\u00bb4_4&Prime; _builder_version=\u00a0\u00bb4.16&Prime; custom_padding=\u00a0\u00bb|||\u00a0\u00bb global_colors_info=\u00a0\u00bb{}\u00a0\u00bb custom_padding__hover=\u00a0\u00bb|||\u00a0\u00bb][et_pb_button button_url=\u00a0\u00bb@ET-DC@eyJkeW5hbWljIjp0cnVlLCJjb250ZW50IjoicG9zdF9saW5rX3VybF9wYWdlIiwic2V0dGluZ3MiOnsicG9zdF9pZCI6IjQ4MDEifX0=@\u00a0\u00bb button_text=\u00a0\u00bbTrouvailles\u00a0\u00bb button_alignment=\u00a0\u00bbleft\u00a0\u00bb _builder_version=\u00a0\u00bb4.24.2&Prime; _dynamic_attributes=\u00a0\u00bbbutton_url\u00a0\u00bb _module_preset=\u00a0\u00bbdefault\u00a0\u00bb custom_button=\u00a0\u00bbon\u00a0\u00bb button_text_size=\u00a0\u00bb14px\u00a0\u00bb button_text_color=\u00a0\u00bb#212121&Prime; button_bg_color=\u00a0\u00bb#ffa21b\u00a0\u00bb button_font=\u00a0\u00bbMontserrat|600|on||||||\u00a0\u00bb button_icon=\u00a0\u00bb&#x4a;||divi||400&Prime; button_icon_placement=\u00a0\u00bbleft\u00a0\u00bb button_on_hover=\u00a0\u00bboff\u00a0\u00bb custom_margin=\u00a0\u00bb||2px||false|false\u00a0\u00bb custom_padding=\u00a0\u00bb||||false|false\u00a0\u00bb animation_direction=\u00a0\u00bbtop\u00a0\u00bb button_text_size_tablet=\u00a0\u00bb15px\u00a0\u00bb button_text_size_phone=\u00a0\u00bb12px\u00a0\u00bb button_text_size_last_edited=\u00a0\u00bboff|phone\u00a0\u00bb global_module=\u00a0\u00bb7895&Prime; saved_tabs=\u00a0\u00bball\u00a0\u00bb locked=\u00a0\u00bboff\u00a0\u00bb global_colors_info=\u00a0\u00bb{}\u00a0\u00bb custom_margin__hover_enabled=\u00a0\u00bboff|desktop\u00a0\u00bb][\/et_pb_button][et_pb_button button_url=\u00a0\u00bb@ET-DC@eyJkeW5hbWljIjp0cnVlLCJjb250ZW50IjoicG9zdF9saW5rX3VybF9wYWdlIiwic2V0dGluZ3MiOnsicG9zdF9pZCI6IjY0MjYifX0=@\u00a0\u00bb button_text=\u00a0\u00bbCasquettes\u00a0\u00bb button_alignment=\u00a0\u00bbleft\u00a0\u00bb _builder_version=\u00a0\u00bb4.24.2&Prime; _dynamic_attributes=\u00a0\u00bbbutton_url\u00a0\u00bb _module_preset=\u00a0\u00bbdefault\u00a0\u00bb custom_button=\u00a0\u00bbon\u00a0\u00bb button_text_size=\u00a0\u00bb14px\u00a0\u00bb button_text_color=\u00a0\u00bb#212121&Prime; button_bg_color=\u00a0\u00bb#ffa21b\u00a0\u00bb button_font=\u00a0\u00bbMontserrat|600|on||||||\u00a0\u00bb button_icon=\u00a0\u00bb&#x4a;||divi||400&Prime; button_icon_placement=\u00a0\u00bbleft\u00a0\u00bb button_on_hover=\u00a0\u00bboff\u00a0\u00bb custom_margin=\u00a0\u00bb||2px||false|false\u00a0\u00bb custom_padding=\u00a0\u00bb||||false|false\u00a0\u00bb animation_direction=\u00a0\u00bbtop\u00a0\u00bb button_text_size_tablet=\u00a0\u00bb15px\u00a0\u00bb button_text_size_phone=\u00a0\u00bb12px\u00a0\u00bb button_text_size_last_edited=\u00a0\u00bboff|phone\u00a0\u00bb saved_tabs=\u00a0\u00bball\u00a0\u00bb locked=\u00a0\u00bboff\u00a0\u00bb global_colors_info=\u00a0\u00bb{}\u00a0\u00bb custom_margin__hover_enabled=\u00a0\u00bboff|desktop\u00a0\u00bb][\/et_pb_button][\/et_pb_column][\/et_pb_row][et_pb_row column_structure=\u00a0\u00bb2_5,3_5&Prime; _builder_version=\u00a0\u00bb4.27.0&Prime; width=\u00a0\u00bb100%\u00a0\u00bb custom_padding=\u00a0\u00bb0px||0px||false|false\u00a0\u00bb global_colors_info=\u00a0\u00bb{}\u00a0\u00bb background_size=\u00a0\u00bbinitial\u00a0\u00bb background_position=\u00a0\u00bbtop_left\u00a0\u00bb background_repeat=\u00a0\u00bbrepeat\u00a0\u00bb][et_pb_column type=\u00a0\u00bb2_5&Prime; _builder_version=\u00a0\u00bb4.16&Prime; custom_padding=\u00a0\u00bb|||\u00a0\u00bb global_colors_info=\u00a0\u00bb{}\u00a0\u00bb custom_padding__hover=\u00a0\u00bb|||\u00a0\u00bb][et_pb_wc_images _builder_version=\u00a0\u00bb4.16&Prime; global_colors_info=\u00a0\u00bb{}\u00a0\u00bb][\/et_pb_wc_images][\/et_pb_column][et_pb_column type=\u00a0\u00bb3_5&Prime; _builder_version=\u00a0\u00bb4.16&Prime; custom_padding=\u00a0\u00bb|||\u00a0\u00bb global_colors_info=\u00a0\u00bb{}\u00a0\u00bb custom_padding__hover=\u00a0\u00bb|||\u00a0\u00bb][et_pb_wc_title _builder_version=\u00a0\u00bb4.27.0&Prime; header_font=\u00a0\u00bbMontserrat|900|on|on|||||\u00a0\u00bb custom_margin=\u00a0\u00bb||24px||false|false\u00a0\u00bb global_colors_info=\u00a0\u00bb{}\u00a0\u00bb][\/et_pb_wc_title][et_pb_divider color=\u00a0\u00bb#eaeaea\u00a0\u00bb divider_weight=\u00a0\u00bb2px\u00a0\u00bb _builder_version=\u00a0\u00bb4.27.0&Prime; _module_preset=\u00a0\u00bbdefault\u00a0\u00bb custom_margin=\u00a0\u00bb||0px||false|false\u00a0\u00bb global_module=\u00a0\u00bb8478&Prime; saved_tabs=\u00a0\u00bball\u00a0\u00bb locked=\u00a0\u00bboff\u00a0\u00bb global_colors_info=\u00a0\u00bb{}\u00a0\u00bb][\/et_pb_divider][et_pb_text _builder_version=\u00a0\u00bb4.27.0&Prime; custom_margin=\u00a0\u00bb||24px||false|false\u00a0\u00bb global_colors_info=\u00a0\u00bb{}\u00a0\u00bb]<\/p>\n<p><span>Tr\u00e8s bon \u00e9tat. Probablement jamais port\u00e9e.<\/span><\/p>\n<p>[\/et_pb_text][et_pb_wc_price _builder_version=\u00a0\u00bb4.27.0&Prime; body_font=\u00a0\u00bbMontserrat|600|||||||\u00a0\u00bb body_font_size=\u00a0\u00bb20px\u00a0\u00bb custom_margin=\u00a0\u00bb||24px||false|false\u00a0\u00bb global_colors_info=\u00a0\u00bb{}\u00a0\u00bb][\/et_pb_wc_price][et_pb_divider color=\u00a0\u00bb#eaeaea\u00a0\u00bb divider_weight=\u00a0\u00bb2px\u00a0\u00bb _builder_version=\u00a0\u00bb4.27.0&Prime; _module_preset=\u00a0\u00bbdefault\u00a0\u00bb custom_margin=\u00a0\u00bb||0px||false|false\u00a0\u00bb global_module=\u00a0\u00bb8478&Prime; saved_tabs=\u00a0\u00bball\u00a0\u00bb locked=\u00a0\u00bboff\u00a0\u00bb global_colors_info=\u00a0\u00bb{}\u00a0\u00bb][\/et_pb_divider][et_pb_wc_add_to_cart _builder_version=\u00a0\u00bb4.16&Prime; global_colors_info=\u00a0\u00bb{}\u00a0\u00bb][\/et_pb_wc_add_to_cart][\/et_pb_column][\/et_pb_row][\/et_pb_section]<\/p>\n","protected":false},"excerpt":{"rendered":"<p>Very good condition. Probably never worn.<\/p>","protected":false},"featured_media":6746,"template":"","meta":{"_et_pb_use_builder":"on","_et_pb_old_content":"","_et_gb_content_width":""},"product_brand":[],"product_cat":[72],"product_tag":[],"class_list":{"0":"post-6745","1":"product","2":"type-product","3":"status-publish","4":"has-post-thumbnail","6":"product_cat-trouvailles-casquettes","8":"first","9":"instock","10":"shipping-taxable","11":"purchasable","12":"product-type-simple"},"yoast_head":"<!-- This site is optimized with the Yoast SEO plugin v27.5 - https:\/\/yoast.com\/product\/yoast-seo-wordpress\/ -->\n<title>Casquette Le centre Routier inc. International RDL, Que. - Arsenal Le Tigre<\/title>\n<meta name=\"description\" content=\"Tr\u00e8s bon \u00e9tat. Probablement jamais port\u00e9e.\" \/>\n<meta name=\"robots\" content=\"index, follow, max-snippet:-1, max-image-preview:large, max-video-preview:-1\" \/>\n<link rel=\"canonical\" href=\"https:\/\/arsenalletigre.com\/en\/product\/casquette-le-centre-routier-inc-international-rdl-que\/\" \/>\n<meta property=\"og:locale\" content=\"en_US\" \/>\n<meta property=\"og:type\" content=\"article\" \/>\n<meta property=\"og:title\" content=\"Casquette Le centre Routier inc. International RDL, Que. - Arsenal Le Tigre\" \/>\n<meta property=\"og:description\" content=\"Tr\u00e8s bon \u00e9tat. Probablement jamais port\u00e9e.\" \/>\n<meta property=\"og:url\" content=\"https:\/\/arsenalletigre.com\/en\/product\/casquette-le-centre-routier-inc-international-rdl-que\/\" \/>\n<meta property=\"og:site_name\" content=\"Arsenal Le Tigre\" \/>\n<meta property=\"article:modified_time\" content=\"2024-12-16T20:10:06+00:00\" \/>\n<meta property=\"og:image\" content=\"https:\/\/arsenalletigre.com\/wp-content\/uploads\/111111-76.jpg\" \/>\n\t<meta property=\"og:image:width\" content=\"712\" \/>\n\t<meta property=\"og:image:height\" content=\"800\" \/>\n\t<meta property=\"og:image:type\" content=\"image\/jpeg\" \/>\n<script type=\"application\/ld+json\" class=\"yoast-schema-graph\">{\"@context\":\"https:\\\/\\\/schema.org\",\"@graph\":[{\"@type\":\"WebPage\",\"@id\":\"https:\\\/\\\/arsenalletigre.com\\\/produit\\\/casquette-le-centre-routier-inc-international-rdl-que\\\/\",\"url\":\"https:\\\/\\\/arsenalletigre.com\\\/produit\\\/casquette-le-centre-routier-inc-international-rdl-que\\\/\",\"name\":\"Casquette Le centre Routier inc. International RDL, Que. - Arsenal Le Tigre\",\"isPartOf\":{\"@id\":\"https:\\\/\\\/arsenalletigre.com\\\/#website\"},\"primaryImageOfPage\":{\"@id\":\"https:\\\/\\\/arsenalletigre.com\\\/produit\\\/casquette-le-centre-routier-inc-international-rdl-que\\\/#primaryimage\"},\"image\":{\"@id\":\"https:\\\/\\\/arsenalletigre.com\\\/produit\\\/casquette-le-centre-routier-inc-international-rdl-que\\\/#primaryimage\"},\"thumbnailUrl\":\"https:\\\/\\\/arsenalletigre.com\\\/wp-content\\\/uploads\\\/111111-76.jpg\",\"datePublished\":\"2023-05-13T13:32:44+00:00\",\"dateModified\":\"2024-12-16T20:10:06+00:00\",\"description\":\"Tr\u00e8s bon \u00e9tat. Probablement jamais port\u00e9e.\",\"breadcrumb\":{\"@id\":\"https:\\\/\\\/arsenalletigre.com\\\/produit\\\/casquette-le-centre-routier-inc-international-rdl-que\\\/#breadcrumb\"},\"inLanguage\":\"en-US\",\"potentialAction\":[{\"@type\":\"ReadAction\",\"target\":[\"https:\\\/\\\/arsenalletigre.com\\\/produit\\\/casquette-le-centre-routier-inc-international-rdl-que\\\/\"]}]},{\"@type\":\"ImageObject\",\"inLanguage\":\"en-US\",\"@id\":\"https:\\\/\\\/arsenalletigre.com\\\/produit\\\/casquette-le-centre-routier-inc-international-rdl-que\\\/#primaryimage\",\"url\":\"https:\\\/\\\/arsenalletigre.com\\\/wp-content\\\/uploads\\\/111111-76.jpg\",\"contentUrl\":\"https:\\\/\\\/arsenalletigre.com\\\/wp-content\\\/uploads\\\/111111-76.jpg\",\"width\":712,\"height\":800},{\"@type\":\"BreadcrumbList\",\"@id\":\"https:\\\/\\\/arsenalletigre.com\\\/produit\\\/casquette-le-centre-routier-inc-international-rdl-que\\\/#breadcrumb\",\"itemListElement\":[{\"@type\":\"ListItem\",\"position\":1,\"name\":\"Boutique\",\"item\":\"https:\\\/\\\/arsenalletigre.com\\\/\"},{\"@type\":\"ListItem\",\"position\":2,\"name\":\"Casquette Le centre Routier inc. International RDL, Que.\"}]},{\"@type\":\"WebSite\",\"@id\":\"https:\\\/\\\/arsenalletigre.com\\\/#website\",\"url\":\"https:\\\/\\\/arsenalletigre.com\\\/\",\"name\":\"Arsenal Le Tigre\",\"description\":\"\",\"publisher\":{\"@id\":\"https:\\\/\\\/arsenalletigre.com\\\/#organization\"},\"potentialAction\":[{\"@type\":\"SearchAction\",\"target\":{\"@type\":\"EntryPoint\",\"urlTemplate\":\"https:\\\/\\\/arsenalletigre.com\\\/?s={search_term_string}\"},\"query-input\":{\"@type\":\"PropertyValueSpecification\",\"valueRequired\":true,\"valueName\":\"search_term_string\"}}],\"inLanguage\":\"en-US\"},{\"@type\":\"Organization\",\"@id\":\"https:\\\/\\\/arsenalletigre.com\\\/#organization\",\"name\":\"Arsenal Le Tigre\",\"url\":\"https:\\\/\\\/arsenalletigre.com\\\/\",\"logo\":{\"@type\":\"ImageObject\",\"inLanguage\":\"en-US\",\"@id\":\"https:\\\/\\\/arsenalletigre.com\\\/#\\\/schema\\\/logo\\\/image\\\/\",\"url\":\"https:\\\/\\\/arsenalletigre.com\\\/wp-content\\\/uploads\\\/2020\\\/03\\\/90028101_251068945923927_5989505385180954624_n.png\",\"contentUrl\":\"https:\\\/\\\/arsenalletigre.com\\\/wp-content\\\/uploads\\\/2020\\\/03\\\/90028101_251068945923927_5989505385180954624_n.png\",\"width\":1138,\"height\":382,\"caption\":\"Arsenal Le Tigre\"},\"image\":{\"@id\":\"https:\\\/\\\/arsenalletigre.com\\\/#\\\/schema\\\/logo\\\/image\\\/\"}}]}<\/script>\n<!-- \/ Yoast SEO plugin. -->","yoast_head_json":{"title":"Casquette Le centre Routier inc. International RDL, Que. - Arsenal Le Tigre","description":"Very good condition. Probably never worn.","robots":{"index":"index","follow":"follow","max-snippet":"max-snippet:-1","max-image-preview":"max-image-preview:large","max-video-preview":"max-video-preview:-1"},"canonical":"https:\/\/arsenalletigre.com\/en\/product\/casquette-le-centre-routier-inc-international-rdl-que\/","og_locale":"en_US","og_type":"article","og_title":"Casquette Le centre Routier inc. International RDL, Que. - Arsenal Le Tigre","og_description":"Tr\u00e8s bon \u00e9tat. Probablement jamais port\u00e9e.","og_url":"https:\/\/arsenalletigre.com\/en\/product\/casquette-le-centre-routier-inc-international-rdl-que\/","og_site_name":"Arsenal Le Tigre","article_modified_time":"2024-12-16T20:10:06+00:00","og_image":[{"width":712,"height":800,"url":"https:\/\/arsenalletigre.com\/wp-content\/uploads\/111111-76.jpg","type":"image\/jpeg"}],"schema":{"@context":"https:\/\/schema.org","@graph":[{"@type":"WebPage","@id":"https:\/\/arsenalletigre.com\/produit\/casquette-le-centre-routier-inc-international-rdl-que\/","url":"https:\/\/arsenalletigre.com\/produit\/casquette-le-centre-routier-inc-international-rdl-que\/","name":"Casquette Le centre Routier inc. International RDL, Que. - Arsenal Le Tigre","isPartOf":{"@id":"https:\/\/arsenalletigre.com\/#website"},"primaryImageOfPage":{"@id":"https:\/\/arsenalletigre.com\/produit\/casquette-le-centre-routier-inc-international-rdl-que\/#primaryimage"},"image":{"@id":"https:\/\/arsenalletigre.com\/produit\/casquette-le-centre-routier-inc-international-rdl-que\/#primaryimage"},"thumbnailUrl":"https:\/\/arsenalletigre.com\/wp-content\/uploads\/111111-76.jpg","datePublished":"2023-05-13T13:32:44+00:00","dateModified":"2024-12-16T20:10:06+00:00","description":"Very good condition. Probably never worn.","breadcrumb":{"@id":"https:\/\/arsenalletigre.com\/produit\/casquette-le-centre-routier-inc-international-rdl-que\/#breadcrumb"},"inLanguage":"en-US","potentialAction":[{"@type":"ReadAction","target":["https:\/\/arsenalletigre.com\/produit\/casquette-le-centre-routier-inc-international-rdl-que\/"]}]},{"@type":"ImageObject","inLanguage":"en-US","@id":"https:\/\/arsenalletigre.com\/produit\/casquette-le-centre-routier-inc-international-rdl-que\/#primaryimage","url":"https:\/\/arsenalletigre.com\/wp-content\/uploads\/111111-76.jpg","contentUrl":"https:\/\/arsenalletigre.com\/wp-content\/uploads\/111111-76.jpg","width":712,"height":800},{"@type":"BreadcrumbList","@id":"https:\/\/arsenalletigre.com\/produit\/casquette-le-centre-routier-inc-international-rdl-que\/#breadcrumb","itemListElement":[{"@type":"ListItem","position":1,"name":"Boutique","item":"https:\/\/arsenalletigre.com\/"},{"@type":"ListItem","position":2,"name":"Casquette Le centre Routier inc. International RDL, Que."}]},{"@type":"WebSite","@id":"https:\/\/arsenalletigre.com\/#website","url":"https:\/\/arsenalletigre.com\/","name":"Arsenal Le Tigre","description":"","publisher":{"@id":"https:\/\/arsenalletigre.com\/#organization"},"potentialAction":[{"@type":"SearchAction","target":{"@type":"EntryPoint","urlTemplate":"https:\/\/arsenalletigre.com\/?s={search_term_string}"},"query-input":{"@type":"PropertyValueSpecification","valueRequired":true,"valueName":"search_term_string"}}],"inLanguage":"en-US"},{"@type":"Organization","@id":"https:\/\/arsenalletigre.com\/#organization","name":"Arsenal Le Tigre","url":"https:\/\/arsenalletigre.com\/","logo":{"@type":"ImageObject","inLanguage":"en-US","@id":"https:\/\/arsenalletigre.com\/#\/schema\/logo\/image\/","url":"https:\/\/arsenalletigre.com\/wp-content\/uploads\/2020\/03\/90028101_251068945923927_5989505385180954624_n.png","contentUrl":"https:\/\/arsenalletigre.com\/wp-content\/uploads\/2020\/03\/90028101_251068945923927_5989505385180954624_n.png","width":1138,"height":382,"caption":"Arsenal Le Tigre"},"image":{"@id":"https:\/\/arsenalletigre.com\/#\/schema\/logo\/image\/"}}]}},"_links":{"self":[{"href":"https:\/\/arsenalletigre.com\/en\/wp-json\/wp\/v2\/product\/6745","targetHints":{"allow":["GET"]}}],"collection":[{"href":"https:\/\/arsenalletigre.com\/en\/wp-json\/wp\/v2\/product"}],"about":[{"href":"https:\/\/arsenalletigre.com\/en\/wp-json\/wp\/v2\/types\/product"}],"wp:featuredmedia":[{"embeddable":true,"href":"https:\/\/arsenalletigre.com\/en\/wp-json\/wp\/v2\/media\/6746"}],"wp:attachment":[{"href":"https:\/\/arsenalletigre.com\/en\/wp-json\/wp\/v2\/media?parent=6745"}],"wp:term":[{"taxonomy":"product_brand","embeddable":true,"href":"https:\/\/arsenalletigre.com\/en\/wp-json\/wp\/v2\/product_brand?post=6745"},{"taxonomy":"product_cat","embeddable":true,"href":"https:\/\/arsenalletigre.com\/en\/wp-json\/wp\/v2\/product_cat?post=6745"},{"taxonomy":"product_tag","embeddable":true,"href":"https:\/\/arsenalletigre.com\/en\/wp-json\/wp\/v2\/product_tag?post=6745"}],"curies":[{"name":"wp","href":"https:\/\/api.w.org\/{rel}","templated":true}]}}