{"id":6951,"date":"2023-08-13T22:29:56","date_gmt":"2023-08-14T03:29:56","guid":{"rendered":"http:\/\/arsenalletigre.com\/?post_type=product&#038;p=6951"},"modified":"2025-10-10T08:57:36","modified_gmt":"2025-10-10T13:57:36","slug":"tool-roll-19-r","status":"publish","type":"product","link":"https:\/\/arsenalletigre.com\/en\/product\/tool-roll-19-r\/","title":{"rendered":"Tool Roll #19R"},"content":{"rendered":"<p>[et_pb_section fb_built=\u00a0\u00bb1&Prime; _builder_version=\u00a0\u00bb4.16&Prime; custom_padding=\u00a0\u00bb0px||0px||false|false\u00a0\u00bb locked=\u00a0\u00bboff\u00a0\u00bb global_colors_info=\u00a0\u00bb{}\u00a0\u00bb][et_pb_row _builder_version=\u00a0\u00bb4.16&Prime; background_size=\u00a0\u00bbinitial\u00a0\u00bb background_position=\u00a0\u00bbtop_left\u00a0\u00bb background_repeat=\u00a0\u00bbrepeat\u00a0\u00bb width=\u00a0\u00bb100%\u00a0\u00bb custom_padding=\u00a0\u00bb0px||0px||false|false\u00a0\u00bb global_colors_info=\u00a0\u00bb{}\u00a0\u00bb][et_pb_column type=\u00a0\u00bb4_4&Prime; _builder_version=\u00a0\u00bb4.16&Prime; custom_padding=\u00a0\u00bb|||\u00a0\u00bb global_colors_info=\u00a0\u00bb{}\u00a0\u00bb custom_padding__hover=\u00a0\u00bb|||\u00a0\u00bb][et_pb_wc_cart_notice _builder_version=\u00a0\u00bb4.27.0&Prime; title_font=\u00a0\u00bb||||||||\u00a0\u00bb title_text_color=\u00a0\u00bb#000000&Prime; title_font_size=\u00a0\u00bb15px\u00a0\u00bb title_line_height=\u00a0\u00bb1.1em\u00a0\u00bb error_font=\u00a0\u00bb||||||||\u00a0\u00bb error_font_size=\u00a0\u00bb16px\u00a0\u00bb content_font=\u00a0\u00bb||||||||\u00a0\u00bb content_text_align=\u00a0\u00bbleft\u00a0\u00bb content_font_size=\u00a0\u00bb16px\u00a0\u00bb custom_button=\u00a0\u00bbon\u00a0\u00bb button_text_size=\u00a0\u00bb15px\u00a0\u00bb button_font=\u00a0\u00bb||||||||\u00a0\u00bb button_use_icon=\u00a0\u00bboff\u00a0\u00bb button_custom_padding=\u00a0\u00bb4px|10px|4px|10px|true|true\u00a0\u00bb custom_margin=\u00a0\u00bb0em|0em|1em|0em|false|false\u00a0\u00bb custom_padding=\u00a0\u00bb8px|8px|8px|8px|true|true\u00a0\u00bb title_font_size_tablet=\u00a0\u00bb13px\u00a0\u00bb title_font_size_phone=\u00a0\u00bb12px\u00a0\u00bb title_font_size_last_edited=\u00a0\u00bbon|phone\u00a0\u00bb border_radii=\u00a0\u00bbon|4px|4px|4px|4px\u00a0\u00bb global_colors_info=\u00a0\u00bb{}\u00a0\u00bb][\/et_pb_wc_cart_notice][\/et_pb_column][\/et_pb_row][et_pb_row _builder_version=\u00a0\u00bb4.16&Prime; background_size=\u00a0\u00bbinitial\u00a0\u00bb background_position=\u00a0\u00bbtop_left\u00a0\u00bb background_repeat=\u00a0\u00bbrepeat\u00a0\u00bb width=\u00a0\u00bb100%\u00a0\u00bb custom_padding=\u00a0\u00bb0px||0px||false|false\u00a0\u00bb global_colors_info=\u00a0\u00bb{}\u00a0\u00bb][et_pb_column type=\u00a0\u00bb4_4&Prime; _builder_version=\u00a0\u00bb4.16&Prime; custom_padding=\u00a0\u00bb|||\u00a0\u00bb global_colors_info=\u00a0\u00bb{}\u00a0\u00bb custom_padding__hover=\u00a0\u00bb|||\u00a0\u00bb][et_pb_button button_url=\u00a0\u00bb@ET-DC@eyJkeW5hbWljIjp0cnVlLCJjb250ZW50IjoicG9zdF9saW5rX3VybF9wYWdlIiwic2V0dGluZ3MiOnsicG9zdF9pZCI6IjUxIn19@\u00a0\u00bb button_text=\u00a0\u00bbBoutique\u00a0\u00bb button_alignment=\u00a0\u00bbleft\u00a0\u00bb _builder_version=\u00a0\u00bb4.27.3&Prime; _dynamic_attributes=\u00a0\u00bbbutton_url\u00a0\u00bb _module_preset=\u00a0\u00bbdefault\u00a0\u00bb custom_button=\u00a0\u00bbon\u00a0\u00bb button_text_size=\u00a0\u00bb14px\u00a0\u00bb button_text_color=\u00a0\u00bb#212121&Prime; button_bg_color=\u00a0\u00bb#ffa21b\u00a0\u00bb button_font=\u00a0\u00bbMontserrat|600|on||||||\u00a0\u00bb button_icon=\u00a0\u00bb&#x4a;||divi||400&Prime; button_icon_placement=\u00a0\u00bbleft\u00a0\u00bb button_on_hover=\u00a0\u00bboff\u00a0\u00bb custom_margin=\u00a0\u00bb||2px||false|false\u00a0\u00bb custom_padding=\u00a0\u00bb||||false|false\u00a0\u00bb animation_direction=\u00a0\u00bbtop\u00a0\u00bb button_text_size_tablet=\u00a0\u00bb15px\u00a0\u00bb button_text_size_phone=\u00a0\u00bb12px\u00a0\u00bb button_text_size_last_edited=\u00a0\u00bboff|phone\u00a0\u00bb global_module=\u00a0\u00bb7881&Prime; saved_tabs=\u00a0\u00bball\u00a0\u00bb locked=\u00a0\u00bboff\u00a0\u00bb global_colors_info=\u00a0\u00bb{}\u00a0\u00bb][\/et_pb_button][et_pb_button button_url=\u00a0\u00bb@ET-DC@eyJkeW5hbWljIjp0cnVlLCJjb250ZW50IjoicG9zdF9saW5rX3VybF9wYWdlIiwic2V0dGluZ3MiOnsicG9zdF9pZCI6IjQ4NDMifX0=@\u00a0\u00bb button_text=\u00a0\u00bbSacs \/ Trousses\u00a0\u00bb button_alignment=\u00a0\u00bbleft\u00a0\u00bb _builder_version=\u00a0\u00bb4.24.2&Prime; _dynamic_attributes=\u00a0\u00bbbutton_url\u00a0\u00bb _module_preset=\u00a0\u00bbdefault\u00a0\u00bb custom_button=\u00a0\u00bbon\u00a0\u00bb button_text_size=\u00a0\u00bb14px\u00a0\u00bb button_text_color=\u00a0\u00bb#212121&Prime; button_bg_color=\u00a0\u00bb#ffa21b\u00a0\u00bb button_font=\u00a0\u00bbMontserrat|600|on||||||\u00a0\u00bb button_icon=\u00a0\u00bb&#x4a;||divi||400&Prime; button_icon_placement=\u00a0\u00bbleft\u00a0\u00bb button_on_hover=\u00a0\u00bboff\u00a0\u00bb custom_margin=\u00a0\u00bb||2px||false|false\u00a0\u00bb custom_padding=\u00a0\u00bb||||false|false\u00a0\u00bb animation_direction=\u00a0\u00bbtop\u00a0\u00bb button_text_size_tablet=\u00a0\u00bb15px\u00a0\u00bb button_text_size_phone=\u00a0\u00bb12px\u00a0\u00bb button_text_size_last_edited=\u00a0\u00bboff|phone\u00a0\u00bb global_module=\u00a0\u00bb7908&Prime; saved_tabs=\u00a0\u00bball\u00a0\u00bb locked=\u00a0\u00bboff\u00a0\u00bb global_colors_info=\u00a0\u00bb{}\u00a0\u00bb][\/et_pb_button][\/et_pb_column][\/et_pb_row][et_pb_row column_structure=\u00a0\u00bb2_5,3_5&Prime; _builder_version=\u00a0\u00bb4.27.0&Prime; background_size=\u00a0\u00bbinitial\u00a0\u00bb background_position=\u00a0\u00bbtop_left\u00a0\u00bb background_repeat=\u00a0\u00bbrepeat\u00a0\u00bb width=\u00a0\u00bb100%\u00a0\u00bb custom_padding=\u00a0\u00bb0px||0px||false|false\u00a0\u00bb global_colors_info=\u00a0\u00bb{}\u00a0\u00bb][et_pb_column type=\u00a0\u00bb2_5&Prime; _builder_version=\u00a0\u00bb4.16&Prime; custom_padding=\u00a0\u00bb|||\u00a0\u00bb global_colors_info=\u00a0\u00bb{}\u00a0\u00bb custom_padding__hover=\u00a0\u00bb|||\u00a0\u00bb][et_pb_wc_images _builder_version=\u00a0\u00bb4.16&Prime; global_colors_info=\u00a0\u00bb{}\u00a0\u00bb][\/et_pb_wc_images][\/et_pb_column][et_pb_column type=\u00a0\u00bb3_5&Prime; _builder_version=\u00a0\u00bb4.16&Prime; custom_padding=\u00a0\u00bb|||\u00a0\u00bb global_colors_info=\u00a0\u00bb{}\u00a0\u00bb custom_padding__hover=\u00a0\u00bb|||\u00a0\u00bb][et_pb_wc_title _builder_version=\u00a0\u00bb4.27.0&Prime; header_font=\u00a0\u00bbMontserrat|900|on|on|||||\u00a0\u00bb custom_margin=\u00a0\u00bb||24px||false|false\u00a0\u00bb global_colors_info=\u00a0\u00bb{}\u00a0\u00bb][\/et_pb_wc_title][et_pb_divider color=\u00a0\u00bb#eaeaea\u00a0\u00bb divider_weight=\u00a0\u00bb2px\u00a0\u00bb _builder_version=\u00a0\u00bb4.27.0&Prime; _module_preset=\u00a0\u00bbdefault\u00a0\u00bb custom_margin=\u00a0\u00bb||0px||false|false\u00a0\u00bb global_module=\u00a0\u00bb8478&Prime; saved_tabs=\u00a0\u00bball\u00a0\u00bb locked=\u00a0\u00bboff\u00a0\u00bb global_colors_info=\u00a0\u00bb{}\u00a0\u00bb][\/et_pb_divider][et_pb_text _builder_version=\u00a0\u00bb4.27.4&Prime; custom_margin=\u00a0\u00bb||24px||false|false\u00a0\u00bb global_colors_info=\u00a0\u00bb{}\u00a0\u00bb]<\/p>\n<ul>\n<li>Tissu et cuir v\u00e9ritable, 75% fait de mat\u00e9riel recycl\u00e9.<\/li>\n<li>Attache suppl\u00e9mentaire pour fixer la trousse verticalement incluse.<\/li>\n<li>Possibilit\u00e9 d&rsquo;inclure les cl\u00e9s (metric ou imperial) de seconde main, disparates et en tr\u00e8s bon \u00e9tat.<\/li>\n<\/ul>\n<p>[\/et_pb_text][et_pb_wc_price _builder_version=\u00a0\u00bb4.27.0&Prime; body_font=\u00a0\u00bbMontserrat|600|||||||\u00a0\u00bb body_font_size=\u00a0\u00bb20px\u00a0\u00bb custom_margin=\u00a0\u00bb||24px||false|false\u00a0\u00bb global_colors_info=\u00a0\u00bb{}\u00a0\u00bb][\/et_pb_wc_price][et_pb_divider color=\u00a0\u00bb#eaeaea\u00a0\u00bb divider_weight=\u00a0\u00bb2px\u00a0\u00bb _builder_version=\u00a0\u00bb4.27.0&Prime; _module_preset=\u00a0\u00bbdefault\u00a0\u00bb custom_margin=\u00a0\u00bb||0px||false|false\u00a0\u00bb global_module=\u00a0\u00bb8478&Prime; saved_tabs=\u00a0\u00bball\u00a0\u00bb locked=\u00a0\u00bboff\u00a0\u00bb global_colors_info=\u00a0\u00bb{}\u00a0\u00bb][\/et_pb_divider][et_pb_wc_add_to_cart _builder_version=\u00a0\u00bb4.16&Prime; global_colors_info=\u00a0\u00bb{}\u00a0\u00bb][\/et_pb_wc_add_to_cart][\/et_pb_column][\/et_pb_row][\/et_pb_section]<\/p>\n","protected":false},"excerpt":{"rendered":"<p>Tissu et cuir v\u00e9ritable, 75% fait de mat\u00e9riel recycl\u00e9. Attache suppl\u00e9mentaire pour fixer la trousse verticalement incluse. Possibilit\u00e9 d&rsquo;inclure les cl\u00e9s (metric ou imperial) de seconde main, disparates et en tr\u00e8s bon \u00e9tat.<\/p>","protected":false},"featured_media":6955,"template":"","meta":{"_et_pb_use_builder":"on","_et_pb_old_content":"","_et_gb_content_width":""},"product_brand":[],"product_cat":[64],"product_tag":[],"class_list":{"0":"post-6951","1":"product","2":"type-product","3":"status-publish","4":"has-post-thumbnail","6":"product_cat-sacs-trousses","8":"first","9":"instock","10":"taxable","11":"shipping-taxable","12":"purchasable","13":"product-type-variable"},"yoast_head":"<!-- This site is optimized with the Yoast SEO plugin v27.5 - https:\/\/yoast.com\/product\/yoast-seo-wordpress\/ -->\n<title>Tool Roll #19R - Arsenal Le Tigre<\/title>\n<meta name=\"description\" content=\"Tissu et cuir v\u00e9ritable, 75% fait de mat\u00e9riel recycl\u00e9. Avec attache suppl\u00e9mentaire pour fixer la trousse verticalement incluse.\" \/>\n<meta name=\"robots\" content=\"index, follow, max-snippet:-1, max-image-preview:large, max-video-preview:-1\" \/>\n<link rel=\"canonical\" href=\"https:\/\/arsenalletigre.com\/en\/product\/tool-roll-19-r\/\" \/>\n<meta property=\"og:locale\" content=\"en_US\" \/>\n<meta property=\"og:type\" content=\"article\" \/>\n<meta property=\"og:title\" content=\"Tool Roll #19R - Arsenal Le Tigre\" \/>\n<meta property=\"og:description\" content=\"Tissu et cuir v\u00e9ritable, 75% fait de mat\u00e9riel recycl\u00e9. Avec attache suppl\u00e9mentaire pour fixer la trousse verticalement incluse.\" \/>\n<meta property=\"og:url\" content=\"https:\/\/arsenalletigre.com\/en\/product\/tool-roll-19-r\/\" \/>\n<meta property=\"og:site_name\" content=\"Arsenal Le Tigre\" \/>\n<meta property=\"article:modified_time\" content=\"2025-10-10T13:57:36+00:00\" \/>\n<meta property=\"og:image\" content=\"https:\/\/arsenalletigre.com\/wp-content\/uploads\/11111-4-e1754263968996.jpg\" \/>\n\t<meta property=\"og:image:width\" content=\"687\" \/>\n\t<meta property=\"og:image:height\" content=\"687\" \/>\n\t<meta property=\"og:image:type\" content=\"image\/jpeg\" \/>\n<script type=\"application\/ld+json\" class=\"yoast-schema-graph\">{\"@context\":\"https:\\\/\\\/schema.org\",\"@graph\":[{\"@type\":\"WebPage\",\"@id\":\"https:\\\/\\\/arsenalletigre.com\\\/produit\\\/tool-roll-19-r\\\/\",\"url\":\"https:\\\/\\\/arsenalletigre.com\\\/produit\\\/tool-roll-19-r\\\/\",\"name\":\"Tool Roll #19R - Arsenal Le Tigre\",\"isPartOf\":{\"@id\":\"https:\\\/\\\/arsenalletigre.com\\\/#website\"},\"primaryImageOfPage\":{\"@id\":\"https:\\\/\\\/arsenalletigre.com\\\/produit\\\/tool-roll-19-r\\\/#primaryimage\"},\"image\":{\"@id\":\"https:\\\/\\\/arsenalletigre.com\\\/produit\\\/tool-roll-19-r\\\/#primaryimage\"},\"thumbnailUrl\":\"https:\\\/\\\/arsenalletigre.com\\\/wp-content\\\/uploads\\\/11111-4-e1754263968996.jpg\",\"datePublished\":\"2023-08-14T03:29:56+00:00\",\"dateModified\":\"2025-10-10T13:57:36+00:00\",\"description\":\"Tissu et cuir v\u00e9ritable, 75% fait de mat\u00e9riel recycl\u00e9. Avec attache suppl\u00e9mentaire pour fixer la trousse verticalement incluse.\",\"breadcrumb\":{\"@id\":\"https:\\\/\\\/arsenalletigre.com\\\/produit\\\/tool-roll-19-r\\\/#breadcrumb\"},\"inLanguage\":\"en-US\",\"potentialAction\":[{\"@type\":\"ReadAction\",\"target\":[\"https:\\\/\\\/arsenalletigre.com\\\/produit\\\/tool-roll-19-r\\\/\"]}]},{\"@type\":\"ImageObject\",\"inLanguage\":\"en-US\",\"@id\":\"https:\\\/\\\/arsenalletigre.com\\\/produit\\\/tool-roll-19-r\\\/#primaryimage\",\"url\":\"https:\\\/\\\/arsenalletigre.com\\\/wp-content\\\/uploads\\\/11111-4-e1754263968996.jpg\",\"contentUrl\":\"https:\\\/\\\/arsenalletigre.com\\\/wp-content\\\/uploads\\\/11111-4-e1754263968996.jpg\",\"width\":687,\"height\":687},{\"@type\":\"BreadcrumbList\",\"@id\":\"https:\\\/\\\/arsenalletigre.com\\\/produit\\\/tool-roll-19-r\\\/#breadcrumb\",\"itemListElement\":[{\"@type\":\"ListItem\",\"position\":1,\"name\":\"Boutique\",\"item\":\"https:\\\/\\\/arsenalletigre.com\\\/\"},{\"@type\":\"ListItem\",\"position\":2,\"name\":\"Tool Roll #19R\"}]},{\"@type\":\"WebSite\",\"@id\":\"https:\\\/\\\/arsenalletigre.com\\\/#website\",\"url\":\"https:\\\/\\\/arsenalletigre.com\\\/\",\"name\":\"Arsenal Le Tigre\",\"description\":\"\",\"publisher\":{\"@id\":\"https:\\\/\\\/arsenalletigre.com\\\/#organization\"},\"potentialAction\":[{\"@type\":\"SearchAction\",\"target\":{\"@type\":\"EntryPoint\",\"urlTemplate\":\"https:\\\/\\\/arsenalletigre.com\\\/?s={search_term_string}\"},\"query-input\":{\"@type\":\"PropertyValueSpecification\",\"valueRequired\":true,\"valueName\":\"search_term_string\"}}],\"inLanguage\":\"en-US\"},{\"@type\":\"Organization\",\"@id\":\"https:\\\/\\\/arsenalletigre.com\\\/#organization\",\"name\":\"Arsenal Le Tigre\",\"url\":\"https:\\\/\\\/arsenalletigre.com\\\/\",\"logo\":{\"@type\":\"ImageObject\",\"inLanguage\":\"en-US\",\"@id\":\"https:\\\/\\\/arsenalletigre.com\\\/#\\\/schema\\\/logo\\\/image\\\/\",\"url\":\"https:\\\/\\\/arsenalletigre.com\\\/wp-content\\\/uploads\\\/2020\\\/03\\\/90028101_251068945923927_5989505385180954624_n.png\",\"contentUrl\":\"https:\\\/\\\/arsenalletigre.com\\\/wp-content\\\/uploads\\\/2020\\\/03\\\/90028101_251068945923927_5989505385180954624_n.png\",\"width\":1138,\"height\":382,\"caption\":\"Arsenal Le Tigre\"},\"image\":{\"@id\":\"https:\\\/\\\/arsenalletigre.com\\\/#\\\/schema\\\/logo\\\/image\\\/\"}}]}<\/script>\n<!-- \/ Yoast SEO plugin. -->","yoast_head_json":{"title":"Tool Roll #19R - Arsenal Le Tigre","description":"Tissu et cuir v\u00e9ritable, 75% fait de mat\u00e9riel recycl\u00e9. Avec attache suppl\u00e9mentaire pour fixer la trousse verticalement incluse.","robots":{"index":"index","follow":"follow","max-snippet":"max-snippet:-1","max-image-preview":"max-image-preview:large","max-video-preview":"max-video-preview:-1"},"canonical":"https:\/\/arsenalletigre.com\/en\/product\/tool-roll-19-r\/","og_locale":"en_US","og_type":"article","og_title":"Tool Roll #19R - Arsenal Le Tigre","og_description":"Tissu et cuir v\u00e9ritable, 75% fait de mat\u00e9riel recycl\u00e9. Avec attache suppl\u00e9mentaire pour fixer la trousse verticalement incluse.","og_url":"https:\/\/arsenalletigre.com\/en\/product\/tool-roll-19-r\/","og_site_name":"Arsenal Le Tigre","article_modified_time":"2025-10-10T13:57:36+00:00","og_image":[{"width":687,"height":687,"url":"https:\/\/arsenalletigre.com\/wp-content\/uploads\/11111-4-e1754263968996.jpg","type":"image\/jpeg"}],"schema":{"@context":"https:\/\/schema.org","@graph":[{"@type":"WebPage","@id":"https:\/\/arsenalletigre.com\/produit\/tool-roll-19-r\/","url":"https:\/\/arsenalletigre.com\/produit\/tool-roll-19-r\/","name":"Tool Roll #19R - Arsenal Le Tigre","isPartOf":{"@id":"https:\/\/arsenalletigre.com\/#website"},"primaryImageOfPage":{"@id":"https:\/\/arsenalletigre.com\/produit\/tool-roll-19-r\/#primaryimage"},"image":{"@id":"https:\/\/arsenalletigre.com\/produit\/tool-roll-19-r\/#primaryimage"},"thumbnailUrl":"https:\/\/arsenalletigre.com\/wp-content\/uploads\/11111-4-e1754263968996.jpg","datePublished":"2023-08-14T03:29:56+00:00","dateModified":"2025-10-10T13:57:36+00:00","description":"Tissu et cuir v\u00e9ritable, 75% fait de mat\u00e9riel recycl\u00e9. Avec attache suppl\u00e9mentaire pour fixer la trousse verticalement incluse.","breadcrumb":{"@id":"https:\/\/arsenalletigre.com\/produit\/tool-roll-19-r\/#breadcrumb"},"inLanguage":"en-US","potentialAction":[{"@type":"ReadAction","target":["https:\/\/arsenalletigre.com\/produit\/tool-roll-19-r\/"]}]},{"@type":"ImageObject","inLanguage":"en-US","@id":"https:\/\/arsenalletigre.com\/produit\/tool-roll-19-r\/#primaryimage","url":"https:\/\/arsenalletigre.com\/wp-content\/uploads\/11111-4-e1754263968996.jpg","contentUrl":"https:\/\/arsenalletigre.com\/wp-content\/uploads\/11111-4-e1754263968996.jpg","width":687,"height":687},{"@type":"BreadcrumbList","@id":"https:\/\/arsenalletigre.com\/produit\/tool-roll-19-r\/#breadcrumb","itemListElement":[{"@type":"ListItem","position":1,"name":"Boutique","item":"https:\/\/arsenalletigre.com\/"},{"@type":"ListItem","position":2,"name":"Tool Roll #19R"}]},{"@type":"WebSite","@id":"https:\/\/arsenalletigre.com\/#website","url":"https:\/\/arsenalletigre.com\/","name":"Arsenal Le Tigre","description":"","publisher":{"@id":"https:\/\/arsenalletigre.com\/#organization"},"potentialAction":[{"@type":"SearchAction","target":{"@type":"EntryPoint","urlTemplate":"https:\/\/arsenalletigre.com\/?s={search_term_string}"},"query-input":{"@type":"PropertyValueSpecification","valueRequired":true,"valueName":"search_term_string"}}],"inLanguage":"en-US"},{"@type":"Organization","@id":"https:\/\/arsenalletigre.com\/#organization","name":"Arsenal Le Tigre","url":"https:\/\/arsenalletigre.com\/","logo":{"@type":"ImageObject","inLanguage":"en-US","@id":"https:\/\/arsenalletigre.com\/#\/schema\/logo\/image\/","url":"https:\/\/arsenalletigre.com\/wp-content\/uploads\/2020\/03\/90028101_251068945923927_5989505385180954624_n.png","contentUrl":"https:\/\/arsenalletigre.com\/wp-content\/uploads\/2020\/03\/90028101_251068945923927_5989505385180954624_n.png","width":1138,"height":382,"caption":"Arsenal Le Tigre"},"image":{"@id":"https:\/\/arsenalletigre.com\/#\/schema\/logo\/image\/"}}]}},"_links":{"self":[{"href":"https:\/\/arsenalletigre.com\/en\/wp-json\/wp\/v2\/product\/6951","targetHints":{"allow":["GET"]}}],"collection":[{"href":"https:\/\/arsenalletigre.com\/en\/wp-json\/wp\/v2\/product"}],"about":[{"href":"https:\/\/arsenalletigre.com\/en\/wp-json\/wp\/v2\/types\/product"}],"wp:featuredmedia":[{"embeddable":true,"href":"https:\/\/arsenalletigre.com\/en\/wp-json\/wp\/v2\/media\/6955"}],"wp:attachment":[{"href":"https:\/\/arsenalletigre.com\/en\/wp-json\/wp\/v2\/media?parent=6951"}],"wp:term":[{"taxonomy":"product_brand","embeddable":true,"href":"https:\/\/arsenalletigre.com\/en\/wp-json\/wp\/v2\/product_brand?post=6951"},{"taxonomy":"product_cat","embeddable":true,"href":"https:\/\/arsenalletigre.com\/en\/wp-json\/wp\/v2\/product_cat?post=6951"},{"taxonomy":"product_tag","embeddable":true,"href":"https:\/\/arsenalletigre.com\/en\/wp-json\/wp\/v2\/product_tag?post=6951"}],"curies":[{"name":"wp","href":"https:\/\/api.w.org\/{rel}","templated":true}]}}